{"id":22,"date":"2025-07-31T01:42:01","date_gmt":"2025-07-31T01:42:01","guid":{"rendered":"https:\/\/creativervb.com\/?page_id=22"},"modified":"2025-07-31T01:42:01","modified_gmt":"2025-07-31T01:42:01","slug":"a-propos","status":"publish","type":"page","link":"https:\/\/creativervb.com\/index.php\/a-propos\/","title":{"rendered":"\u00c0 propos"},"content":{"rendered":"\n<p>Pr\u00e9sentation de Creative RVB et de Creative Lab.<\/p>\n\n\n\n<p>\u00c9quipe<br>Ajoutez ici des photos et biographies de votre \u00e9quipe.<\/p>\n\n\n\n<p>Vision &amp; valeurs<br>D\u00e9crivez la vision et les valeurs de l&rsquo;entreprise.<\/p>\n","protected":false},"excerpt":{"rendered":"<p>Pr\u00e9sentation de Creative RVB et de Creative Lab. \u00c9quipeAjoutez ici des photos et biographies de votre \u00e9quipe. Vision &amp; valeursD\u00e9crivez [&hellip;]<\/p>\n","protected":false},"author":1,"featured_media":0,"parent":0,"menu_order":0,"comment_status":"closed","ping_status":"closed","template":"","meta":{"site-sidebar-layout":"default","site-content-layout":"","ast-site-content-layout":"default","site-content-style":"default","site-sidebar-style":"default","ast-global-header-display":"","ast-banner-title-visibility":"","ast-main-header-display":"","ast-hfb-above-header-display":"","ast-hfb-below-header-display":"","ast-hfb-mobile-header-display":"","site-post-title":"","ast-breadcrumbs-content":"","ast-featured-img":"","footer-sml-layout":"","theme-transparent-header-meta":"","adv-header-id-meta":"","stick-header-meta":"","header-above-stick-meta":"","header-main-stick-meta":"","header-below-stick-meta":"","astra-migrate-meta-layouts":"default","ast-page-background-enabled":"default","ast-page-background-meta":{"desktop":{"background-color":"var(--ast-global-color-5)","background-image":"","background-repeat":"repeat","background-position":"center center","background-size":"auto","background-attachment":"scroll","background-type":"","background-media":"","overlay-type":"","overlay-color":"","overlay-opacity":"","overlay-gradient":""},"tablet":{"background-color":"","background-image":"","background-repeat":"repeat","background-position":"center center","background-size":"auto","background-attachment":"scroll","background-type":"","background-media":"","overlay-type":"","overlay-color":"","overlay-opacity":"","overlay-gradient":""},"mobile":{"background-color":"","background-image":"","background-repeat":"repeat","background-position":"center center","background-size":"auto","background-attachment":"scroll","background-type":"","background-media":"","overlay-type":"","overlay-color":"","overlay-opacity":"","overlay-gradient":""}},"ast-content-background-meta":{"desktop":{"background-color":"var(--ast-global-color-4)","background-image":"","background-repeat":"repeat","background-position":"center center","background-size":"auto","background-attachment":"scroll","background-type":"","background-media":"","overlay-type":"","overlay-color":"","overlay-opacity":"","overlay-gradient":""},"tablet":{"background-color":"var(--ast-global-color-4)","background-image":"","background-repeat":"repeat","background-position":"center center","background-size":"auto","background-attachment":"scroll","background-type":"","background-media":"","overlay-type":"","overlay-color":"","overlay-opacity":"","overlay-gradient":""},"mobile":{"background-color":"var(--ast-global-color-4)","background-image":"","background-repeat":"repeat","background-position":"center center","background-size":"auto","background-attachment":"scroll","background-type":"","background-media":"","overlay-type":"","overlay-color":"","overlay-opacity":"","overlay-gradient":""}},"footnotes":""},"class_list":["post-22","page","type-page","status-publish","hentry"],"yoast_head":"<!-- This site is optimized with the Yoast SEO plugin v25.6 - https:\/\/yoast.com\/wordpress\/plugins\/seo\/ -->\n<title>\u00c0 propos - Creative RVB<\/title>\n<meta name=\"robots\" content=\"index, follow, max-snippet:-1, max-image-preview:large, max-video-preview:-1\" \/>\n<link rel=\"canonical\" href=\"https:\/\/creativervb.com\/index.php\/a-propos\/\" \/>\n<meta property=\"og:locale\" content=\"fr_FR\" \/>\n<meta property=\"og:type\" content=\"article\" \/>\n<meta property=\"og:title\" content=\"\u00c0 propos - Creative RVB\" \/>\n<meta property=\"og:description\" content=\"Pr\u00e9sentation de Creative RVB et de Creative Lab. \u00c9quipeAjoutez ici des photos et biographies de votre \u00e9quipe. Vision &amp; valeursD\u00e9crivez [&hellip;]\" \/>\n<meta property=\"og:url\" content=\"https:\/\/creativervb.com\/index.php\/a-propos\/\" \/>\n<meta property=\"og:site_name\" content=\"Creative RVB\" \/>\n<meta name=\"twitter:card\" content=\"summary_large_image\" \/>\n<meta name=\"twitter:label1\" content=\"Dur\u00e9e de lecture estim\u00e9e\" \/>\n\t<meta name=\"twitter:data1\" content=\"1 minute\" \/>\n<script type=\"application\/ld+json\" class=\"yoast-schema-graph\">{\"@context\":\"https:\/\/schema.org\",\"@graph\":[{\"@type\":\"WebPage\",\"@id\":\"https:\/\/creativervb.com\/index.php\/a-propos\/\",\"url\":\"https:\/\/creativervb.com\/index.php\/a-propos\/\",\"name\":\"\u00c0 propos - Creative RVB\",\"isPartOf\":{\"@id\":\"https:\/\/creativervb.com\/#website\"},\"datePublished\":\"2025-07-31T01:42:01+00:00\",\"breadcrumb\":{\"@id\":\"https:\/\/creativervb.com\/index.php\/a-propos\/#breadcrumb\"},\"inLanguage\":\"fr-FR\",\"potentialAction\":[{\"@type\":\"ReadAction\",\"target\":[\"https:\/\/creativervb.com\/index.php\/a-propos\/\"]}]},{\"@type\":\"BreadcrumbList\",\"@id\":\"https:\/\/creativervb.com\/index.php\/a-propos\/#breadcrumb\",\"itemListElement\":[{\"@type\":\"ListItem\",\"position\":1,\"name\":\"Accueil\",\"item\":\"https:\/\/creativervb.com\/\"},{\"@type\":\"ListItem\",\"position\":2,\"name\":\"\u00c0 propos\"}]},{\"@type\":\"WebSite\",\"@id\":\"https:\/\/creativervb.com\/#website\",\"url\":\"https:\/\/creativervb.com\/\",\"name\":\"Creative RVB\",\"description\":\"\",\"potentialAction\":[{\"@type\":\"SearchAction\",\"target\":{\"@type\":\"EntryPoint\",\"urlTemplate\":\"https:\/\/creativervb.com\/?s={search_term_string}\"},\"query-input\":{\"@type\":\"PropertyValueSpecification\",\"valueRequired\":true,\"valueName\":\"search_term_string\"}}],\"inLanguage\":\"fr-FR\"}]}<\/script>\n<!-- \/ Yoast SEO plugin. -->","yoast_head_json":{"title":"\u00c0 propos - Creative RVB","robots":{"index":"index","follow":"follow","max-snippet":"max-snippet:-1","max-image-preview":"max-image-preview:large","max-video-preview":"max-video-preview:-1"},"canonical":"https:\/\/creativervb.com\/index.php\/a-propos\/","og_locale":"fr_FR","og_type":"article","og_title":"\u00c0 propos - Creative RVB","og_description":"Pr\u00e9sentation de Creative RVB et de Creative Lab. \u00c9quipeAjoutez ici des photos et biographies de votre \u00e9quipe. Vision &amp; valeursD\u00e9crivez [&hellip;]","og_url":"https:\/\/creativervb.com\/index.php\/a-propos\/","og_site_name":"Creative RVB","twitter_card":"summary_large_image","twitter_misc":{"Dur\u00e9e de lecture estim\u00e9e":"1 minute"},"schema":{"@context":"https:\/\/schema.org","@graph":[{"@type":"WebPage","@id":"https:\/\/creativervb.com\/index.php\/a-propos\/","url":"https:\/\/creativervb.com\/index.php\/a-propos\/","name":"\u00c0 propos - Creative RVB","isPartOf":{"@id":"https:\/\/creativervb.com\/#website"},"datePublished":"2025-07-31T01:42:01+00:00","breadcrumb":{"@id":"https:\/\/creativervb.com\/index.php\/a-propos\/#breadcrumb"},"inLanguage":"fr-FR","potentialAction":[{"@type":"ReadAction","target":["https:\/\/creativervb.com\/index.php\/a-propos\/"]}]},{"@type":"BreadcrumbList","@id":"https:\/\/creativervb.com\/index.php\/a-propos\/#breadcrumb","itemListElement":[{"@type":"ListItem","position":1,"name":"Accueil","item":"https:\/\/creativervb.com\/"},{"@type":"ListItem","position":2,"name":"\u00c0 propos"}]},{"@type":"WebSite","@id":"https:\/\/creativervb.com\/#website","url":"https:\/\/creativervb.com\/","name":"Creative RVB","description":"","potentialAction":[{"@type":"SearchAction","target":{"@type":"EntryPoint","urlTemplate":"https:\/\/creativervb.com\/?s={search_term_string}"},"query-input":{"@type":"PropertyValueSpecification","valueRequired":true,"valueName":"search_term_string"}}],"inLanguage":"fr-FR"}]}},"_links":{"self":[{"href":"https:\/\/creativervb.com\/index.php\/wp-json\/wp\/v2\/pages\/22","targetHints":{"allow":["GET"]}}],"collection":[{"href":"https:\/\/creativervb.com\/index.php\/wp-json\/wp\/v2\/pages"}],"about":[{"href":"https:\/\/creativervb.com\/index.php\/wp-json\/wp\/v2\/types\/page"}],"author":[{"embeddable":true,"href":"https:\/\/creativervb.com\/index.php\/wp-json\/wp\/v2\/users\/1"}],"replies":[{"embeddable":true,"href":"https:\/\/creativervb.com\/index.php\/wp-json\/wp\/v2\/comments?post=22"}],"version-history":[{"count":1,"href":"https:\/\/creativervb.com\/index.php\/wp-json\/wp\/v2\/pages\/22\/revisions"}],"predecessor-version":[{"id":23,"href":"https:\/\/creativervb.com\/index.php\/wp-json\/wp\/v2\/pages\/22\/revisions\/23"}],"wp:attachment":[{"href":"https:\/\/creativervb.com\/index.php\/wp-json\/wp\/v2\/media?parent=22"}],"curies":[{"name":"wp","href":"https:\/\/api.w.org\/{rel}","templated":true}]}}